 {"id":2047,"date":"2023-04-07T20:18:44","date_gmt":"2023-04-07T20:18:44","guid":{"rendered":"https:\/\/webdesign-bammert.ch\/dev\/feedy.ch\/?page_id=2047"},"modified":"2023-05-02T09:33:13","modified_gmt":"2023-05-02T09:33:13","slug":"anfrage","status":"publish","type":"page","link":"https:\/\/www.feedy.ch\/en\/anfrage\/","title":{"rendered":"Anfrage"},"content":{"rendered":"<p><\/p>\n<h1>Request an offer<\/h1>\n\n<div class=\"wpcf7 no-js\" id=\"wpcf7-f2195-o1\" lang=\"de-DE\" dir=\"ltr\" data-wpcf7-id=\"2195\">\n<div class=\"screen-reader-response\"><p role=\"status\" aria-live=\"polite\" aria-atomic=\"true\"><\/p> <ul><\/ul><\/div>\n<form action=\"\/en\/wp-json\/wp\/v2\/pages\/2047#wpcf7-f2195-o1\" method=\"post\" class=\"wpcf7-form init\" aria-label=\"Kontaktformular\" enctype=\"multipart\/form-data\" novalidate=\"novalidate\" data-status=\"init\">\n<fieldset class=\"hidden-fields-container\"><input type=\"hidden\" name=\"_wpcf7\" value=\"2195\" \/><input type=\"hidden\" name=\"_wpcf7_version\" value=\"6.1.5\" \/><input type=\"hidden\" name=\"_wpcf7_locale\" value=\"de_DE\" \/><input type=\"hidden\" name=\"_wpcf7_unit_tag\" value=\"wpcf7-f2195-o1\" \/><input type=\"hidden\" name=\"_wpcf7_container_post\" value=\"0\" \/><input type=\"hidden\" name=\"_wpcf7_posted_data_hash\" value=\"\" \/><input type=\"hidden\" name=\"_wpcf7cf_hidden_group_fields\" value=\"[]\" \/><input type=\"hidden\" name=\"_wpcf7cf_hidden_groups\" value=\"[]\" \/><input type=\"hidden\" name=\"_wpcf7cf_visible_groups\" value=\"[]\" \/><input type=\"hidden\" name=\"_wpcf7cf_repeaters\" value=\"[]\" \/><input type=\"hidden\" name=\"_wpcf7cf_steps\" value=\"{}\" \/><input type=\"hidden\" name=\"_wpcf7cf_options\" value=\"{&quot;form_id&quot;:2195,&quot;conditions&quot;:[],&quot;settings&quot;:{&quot;animation&quot;:&quot;yes&quot;,&quot;animation_intime&quot;:200,&quot;animation_outtime&quot;:200,&quot;conditions_ui&quot;:&quot;normal&quot;,&quot;notice_dismissed&quot;:false,&quot;notice_dismissed_update-cf7-6.1.5&quot;:true}}\" \/><input type=\"hidden\" name=\"_wpcf7_recaptcha_response\" value=\"\" \/>\n<\/fieldset>\n<p><span class=\"wpcf7-form-control-wrap\" data-name=\"firma\"><input size=\"40\" maxlength=\"400\" class=\"wpcf7-form-control wpcf7-text\" aria-invalid=\"false\" placeholder=\"Company\" value=\"\" type=\"text\" name=\"firma\" \/><\/span><br \/>\n<span class=\"wpcf7-form-control-wrap\" data-name=\"vorname\"><input size=\"40\" maxlength=\"400\" class=\"wpcf7-form-control wpcf7-text wpcf7-validates-as-required\" aria-required=\"true\" aria-invalid=\"false\" placeholder=\"Firstname*\" value=\"\" type=\"text\" name=\"vorname\" \/><\/span><br \/>\n<span class=\"wpcf7-form-control-wrap\" data-name=\"nachname\"><input size=\"40\" maxlength=\"400\" class=\"wpcf7-form-control wpcf7-text wpcf7-validates-as-required\" aria-required=\"true\" aria-invalid=\"false\" placeholder=\"Lastname*\" value=\"\" type=\"text\" name=\"nachname\" \/><\/span><br \/>\n<span class=\"wpcf7-form-control-wrap\" data-name=\"email\"><input size=\"40\" maxlength=\"400\" class=\"wpcf7-form-control wpcf7-email wpcf7-validates-as-required wpcf7-text wpcf7-validates-as-email\" aria-required=\"true\" aria-invalid=\"false\" placeholder=\"E-Mail*\" value=\"\" type=\"email\" name=\"email\" \/><\/span><br \/>\n<span class=\"wpcf7-form-control-wrap\" data-name=\"nachricht\"><textarea cols=\"40\" rows=\"5\" maxlength=\"2000\" class=\"wpcf7-form-control wpcf7-textarea wpcf7-validates-as-required\" aria-required=\"true\" aria-invalid=\"false\" placeholder=\"Your Message*\" name=\"nachricht\"><\/textarea><\/span>\n<\/p>\n<p style=\"letter-spacing: 1px; line-height: 26px;\">File Upload:\n<\/p>\n<p><span class=\"wpcf7-form-control-wrap\" data-name=\"dateien\"><input size=\"40\" class=\"wpcf7-form-control wpcf7-file\" accept=\".jpg,.jpeg,.pdf,.txt\" aria-invalid=\"false\" type=\"file\" name=\"dateien\" \/><\/span><br \/>\n<span class=\"wpcf7-form-control-wrap\" data-name=\"math-quiz\"><label><span class=\"wpcf7-quiz-label\">12+9=?<\/span> <input size=\"40\" class=\"wpcf7-form-control wpcf7-quiz\" autocomplete=\"off\" aria-required=\"true\" aria-invalid=\"false\" type=\"text\" name=\"math-quiz\" \/><\/label><input type=\"hidden\" name=\"_wpcf7_quiz_answer_math-quiz\" value=\"5a171d6f8c3ff5589180ed086bc2d23f\" \/><\/span><br \/>\n<input class=\"wpcf7-form-control wpcf7-submit has-spinner\" type=\"submit\" value=\"Send\" \/>\n<\/p><div class=\"wpcf7-response-output\" aria-hidden=\"true\"><\/div>\n<\/form>\n<\/div>\n\n<p><\/p>\n<p>&nbsp;<\/p>","protected":false},"excerpt":{"rendered":"<p>Request an offer &nbsp;<\/p>\n","protected":false},"author":1,"featured_media":0,"parent":0,"menu_order":200,"comment_status":"closed","ping_status":"closed","template":"","meta":{"_acf_changed":false,"footnotes":""},"class_list":["post-2047","page","type-page","status-publish","hentry"],"acf":[],"yoast_head":"<!-- This site is optimized with the Yoast SEO plugin v27.0 - https:\/\/yoast.com\/product\/yoast-seo-wordpress\/ -->\n<title>Anfrage - Feedy das Nr. 1 Tool f\u00fcr flexible Teilezuf\u00fchrung<\/title>\n<meta name=\"robots\" content=\"index, follow, max-snippet:-1, max-image-preview:large, max-video-preview:-1\" \/>\n<link rel=\"canonical\" href=\"https:\/\/www.feedy.ch\/anfrage\/\" \/>\n<meta property=\"og:locale\" content=\"en_US\" \/>\n<meta property=\"og:type\" content=\"article\" \/>\n<meta property=\"og:title\" content=\"Anfrage - Feedy das Nr. 1 Tool f\u00fcr flexible Teilezuf\u00fchrung\" \/>\n<meta property=\"og:description\" content=\"Request an offer &nbsp;\" \/>\n<meta property=\"og:url\" content=\"https:\/\/www.feedy.ch\/anfrage\/\" \/>\n<meta property=\"og:site_name\" content=\"Feedy das Nr. 1 Tool f\u00fcr flexible Teilezuf\u00fchrung\" \/>\n<meta property=\"article:modified_time\" content=\"2023-05-02T09:33:13+00:00\" \/>\n<meta name=\"twitter:card\" content=\"summary_large_image\" \/>\n<meta name=\"twitter:label1\" content=\"Est. reading time\" \/>\n\t<meta name=\"twitter:data1\" content=\"1 minute\" \/>\n<script type=\"application\/ld+json\" class=\"yoast-schema-graph\">{\"@context\":\"https:\/\/schema.org\",\"@graph\":[{\"@type\":\"WebPage\",\"@id\":\"https:\/\/www.feedy.ch\/anfrage\/\",\"url\":\"https:\/\/www.feedy.ch\/anfrage\/\",\"name\":\"Anfrage - Feedy das Nr. 1 Tool f\u00fcr flexible Teilezuf\u00fchrung\",\"isPartOf\":{\"@id\":\"https:\/\/www.feedy.ch\/#website\"},\"datePublished\":\"2023-04-07T20:18:44+00:00\",\"dateModified\":\"2023-05-02T09:33:13+00:00\",\"breadcrumb\":{\"@id\":\"https:\/\/www.feedy.ch\/anfrage\/#breadcrumb\"},\"inLanguage\":\"en-US\",\"potentialAction\":[{\"@type\":\"ReadAction\",\"target\":[\"https:\/\/www.feedy.ch\/anfrage\/\"]}]},{\"@type\":\"BreadcrumbList\",\"@id\":\"https:\/\/www.feedy.ch\/anfrage\/#breadcrumb\",\"itemListElement\":[{\"@type\":\"ListItem\",\"position\":1,\"name\":\"Home\",\"item\":\"https:\/\/www.feedy.ch\/\"},{\"@type\":\"ListItem\",\"position\":2,\"name\":\"Anfrage\"}]},{\"@type\":\"WebSite\",\"@id\":\"https:\/\/www.feedy.ch\/#website\",\"url\":\"https:\/\/www.feedy.ch\/\",\"name\":\"Feedy das Nr. 1 Tool f\u00fcr flexible Teilezuf\u00fchrung\",\"description\":\"Flexibles Zuf\u00fchrsystem f\u00fcr verschiedenste Teile in 60 Sekunden umr\u00fcstbar, voll integriert und sofort einsatzbereit.\",\"publisher\":{\"@id\":\"https:\/\/www.feedy.ch\/#organization\"},\"potentialAction\":[{\"@type\":\"SearchAction\",\"target\":{\"@type\":\"EntryPoint\",\"urlTemplate\":\"https:\/\/www.feedy.ch\/?s={search_term_string}\"},\"query-input\":{\"@type\":\"PropertyValueSpecification\",\"valueRequired\":true,\"valueName\":\"search_term_string\"}}],\"inLanguage\":\"en-US\"},{\"@type\":\"Organization\",\"@id\":\"https:\/\/www.feedy.ch\/#organization\",\"name\":\"Feedy AG\",\"url\":\"https:\/\/www.feedy.ch\/\",\"logo\":{\"@type\":\"ImageObject\",\"inLanguage\":\"en-US\",\"@id\":\"https:\/\/www.feedy.ch\/#\/schema\/logo\/image\/\",\"url\":\"https:\/\/feedy.ch\/wp-content\/uploads\/2019\/09\/feedy.svg\",\"contentUrl\":\"https:\/\/feedy.ch\/wp-content\/uploads\/2019\/09\/feedy.svg\",\"width\":1,\"height\":1,\"caption\":\"Feedy AG\"},\"image\":{\"@id\":\"https:\/\/www.feedy.ch\/#\/schema\/logo\/image\/\"}}]}<\/script>\n<!-- \/ Yoast SEO plugin. -->","yoast_head_json":{"title":"Anfrage - Feedy das Nr. 1 Tool f\u00fcr flexible Teilezuf\u00fchrung","robots":{"index":"index","follow":"follow","max-snippet":"max-snippet:-1","max-image-preview":"max-image-preview:large","max-video-preview":"max-video-preview:-1"},"canonical":"https:\/\/www.feedy.ch\/anfrage\/","og_locale":"en_US","og_type":"article","og_title":"Anfrage - Feedy das Nr. 1 Tool f\u00fcr flexible Teilezuf\u00fchrung","og_description":"Request an offer &nbsp;","og_url":"https:\/\/www.feedy.ch\/anfrage\/","og_site_name":"Feedy das Nr. 1 Tool f\u00fcr flexible Teilezuf\u00fchrung","article_modified_time":"2023-05-02T09:33:13+00:00","twitter_card":"summary_large_image","twitter_misc":{"Est. reading time":"1 minute"},"schema":{"@context":"https:\/\/schema.org","@graph":[{"@type":"WebPage","@id":"https:\/\/www.feedy.ch\/anfrage\/","url":"https:\/\/www.feedy.ch\/anfrage\/","name":"Anfrage - Feedy das Nr. 1 Tool f\u00fcr flexible Teilezuf\u00fchrung","isPartOf":{"@id":"https:\/\/www.feedy.ch\/#website"},"datePublished":"2023-04-07T20:18:44+00:00","dateModified":"2023-05-02T09:33:13+00:00","breadcrumb":{"@id":"https:\/\/www.feedy.ch\/anfrage\/#breadcrumb"},"inLanguage":"en-US","potentialAction":[{"@type":"ReadAction","target":["https:\/\/www.feedy.ch\/anfrage\/"]}]},{"@type":"BreadcrumbList","@id":"https:\/\/www.feedy.ch\/anfrage\/#breadcrumb","itemListElement":[{"@type":"ListItem","position":1,"name":"Home","item":"https:\/\/www.feedy.ch\/"},{"@type":"ListItem","position":2,"name":"Anfrage"}]},{"@type":"WebSite","@id":"https:\/\/www.feedy.ch\/#website","url":"https:\/\/www.feedy.ch\/","name":"Feedy das Nr. 1 Tool f\u00fcr flexible Teilezuf\u00fchrung","description":"Flexibles Zuf\u00fchrsystem f\u00fcr verschiedenste Teile in 60 Sekunden umr\u00fcstbar, voll integriert und sofort einsatzbereit.","publisher":{"@id":"https:\/\/www.feedy.ch\/#organization"},"potentialAction":[{"@type":"SearchAction","target":{"@type":"EntryPoint","urlTemplate":"https:\/\/www.feedy.ch\/?s={search_term_string}"},"query-input":{"@type":"PropertyValueSpecification","valueRequired":true,"valueName":"search_term_string"}}],"inLanguage":"en-US"},{"@type":"Organization","@id":"https:\/\/www.feedy.ch\/#organization","name":"Feedy AG","url":"https:\/\/www.feedy.ch\/","logo":{"@type":"ImageObject","inLanguage":"en-US","@id":"https:\/\/www.feedy.ch\/#\/schema\/logo\/image\/","url":"https:\/\/feedy.ch\/wp-content\/uploads\/2019\/09\/feedy.svg","contentUrl":"https:\/\/feedy.ch\/wp-content\/uploads\/2019\/09\/feedy.svg","width":1,"height":1,"caption":"Feedy AG"},"image":{"@id":"https:\/\/www.feedy.ch\/#\/schema\/logo\/image\/"}}]}},"_links":{"self":[{"href":"https:\/\/www.feedy.ch\/en\/wp-json\/wp\/v2\/pages\/2047","targetHints":{"allow":["GET"]}}],"collection":[{"href":"https:\/\/www.feedy.ch\/en\/wp-json\/wp\/v2\/pages"}],"about":[{"href":"https:\/\/www.feedy.ch\/en\/wp-json\/wp\/v2\/types\/page"}],"author":[{"embeddable":true,"href":"https:\/\/www.feedy.ch\/en\/wp-json\/wp\/v2\/users\/1"}],"replies":[{"embeddable":true,"href":"https:\/\/www.feedy.ch\/en\/wp-json\/wp\/v2\/comments?post=2047"}],"version-history":[{"count":9,"href":"https:\/\/www.feedy.ch\/en\/wp-json\/wp\/v2\/pages\/2047\/revisions"}],"predecessor-version":[{"id":2305,"href":"https:\/\/www.feedy.ch\/en\/wp-json\/wp\/v2\/pages\/2047\/revisions\/2305"}],"wp:attachment":[{"href":"https:\/\/www.feedy.ch\/en\/wp-json\/wp\/v2\/media?parent=2047"}],"curies":[{"name":"wp","href":"https:\/\/api.w.org\/{rel}","templated":true}]}}